{"id":18,"date":"2025-04-21T14:41:01","date_gmt":"2025-04-21T14:41:01","guid":{"rendered":"https:\/\/praxis.streb.digital\/?page_id=18"},"modified":"2025-05-19T07:13:18","modified_gmt":"2025-05-19T07:13:18","slug":"home","status":"publish","type":"page","link":"https:\/\/drstrebwnd.de\/en\/","title":{"rendered":"Home"},"content":{"rendered":"\t\t<div data-elementor-type=\"wp-page\" data-elementor-id=\"18\" class=\"elementor elementor-18\" data-elementor-post-type=\"page\">\n\t\t\t\t<div class=\"elementor-element elementor-element-94e467e e-con-full e-flex e-con e-parent\" data-id=\"94e467e\" data-element_type=\"container\" data-e-type=\"container\">\n\t\t\t\t<div class=\"elementor-element elementor-element-a2bb645 elementor-widget__width-inherit elementor-absolute elementor-widget elementor-widget-heading\" data-id=\"a2bb645\" data-element_type=\"widget\" data-e-type=\"widget\" data-settings=\"{&quot;_position&quot;:&quot;absolute&quot;}\" data-widget_type=\"heading.default\">\n\t\t\t\t<div class=\"elementor-widget-container\">\n\t\t\t\t\t<h1 class=\"elementor-heading-title elementor-size-default\">Welcome to<br>\nour private practice<br>\nfor body and soul<\/h1>\t\t\t\t<\/div>\n\t\t\t\t<\/div>\n\t\t\t\t<div class=\"elementor-element elementor-element-f22df2a start-image elementor-widget elementor-widget-image\" data-id=\"f22df2a\" data-element_type=\"widget\" data-e-type=\"widget\" data-widget_type=\"image.default\">\n\t\t\t\t<div class=\"elementor-widget-container\">\n\t\t\t\t\t\t\t\t\t\t\t\t\t\t\t<img decoding=\"async\" width=\"1920\" height=\"1440\" src=\"https:\/\/drstrebwnd.de\/wp-content\/uploads\/IMG_2606-1920w.webp\" class=\"attachment-full size-full wp-image-369\" alt=\"Eingangsbereich der Praxis in einem Geb\u00e4ude in der St. Wendler Innenstadt\" srcset=\"https:\/\/drstrebwnd.de\/wp-content\/uploads\/IMG_2606-1920w.webp 1920w, https:\/\/drstrebwnd.de\/wp-content\/uploads\/IMG_2606-1920w-300x225.webp 300w, https:\/\/drstrebwnd.de\/wp-content\/uploads\/IMG_2606-1920w-1024x768.webp 1024w, https:\/\/drstrebwnd.de\/wp-content\/uploads\/IMG_2606-1920w-768x576.webp 768w, https:\/\/drstrebwnd.de\/wp-content\/uploads\/IMG_2606-1920w-1536x1152.webp 1536w\" sizes=\"(max-width: 1920px) 100vw, 1920px\" \/>\t\t\t\t\t\t\t\t\t\t\t\t\t\t\t<\/div>\n\t\t\t\t<\/div>\n\t\t\t\t<\/div>\n\t\t<div class=\"elementor-element elementor-element-1e52149 e-con-full e-flex e-con e-parent\" data-id=\"1e52149\" data-element_type=\"container\" data-e-type=\"container\">\n\t\t<div class=\"elementor-element elementor-element-abd4a9f e-grid e-con-full e-con e-child\" data-id=\"abd4a9f\" data-element_type=\"container\" data-e-type=\"container\">\n\t\t\t\t<div class=\"elementor-element elementor-element-f6f4c95 elementor-widget elementor-widget-heading\" data-id=\"f6f4c95\" data-element_type=\"widget\" data-e-type=\"widget\" data-widget_type=\"heading.default\">\n\t\t\t\t<div class=\"elementor-widget-container\">\n\t\t\t\t\t<div class=\"elementor-heading-title elementor-size-default\"><a href=\"https:\/\/drstrebwnd.de\/en\/the-practice\/neurology\/\">Neurology<\/a><\/div>\t\t\t\t<\/div>\n\t\t\t\t<\/div>\n\t\t\t\t<div class=\"elementor-element elementor-element-5c52f52 elementor-widget elementor-widget-heading\" data-id=\"5c52f52\" data-element_type=\"widget\" data-e-type=\"widget\" data-widget_type=\"heading.default\">\n\t\t\t\t<div class=\"elementor-widget-container\">\n\t\t\t\t\t<div class=\"elementor-heading-title elementor-size-default\"><a href=\"https:\/\/drstrebwnd.de\/en\/the-practice\/psychiatry\/\">Psychiatry<\/a><\/div>\t\t\t\t<\/div>\n\t\t\t\t<\/div>\n\t\t\t\t<div class=\"elementor-element elementor-element-4246809 elementor-widget elementor-widget-heading\" data-id=\"4246809\" data-element_type=\"widget\" data-e-type=\"widget\" data-widget_type=\"heading.default\">\n\t\t\t\t<div class=\"elementor-widget-container\">\n\t\t\t\t\t<div class=\"elementor-heading-title elementor-size-default\"><a href=\"https:\/\/drstrebwnd.de\/en\/the-practice\/sleep-medicine\/\">Sleep medicine<\/a><\/div>\t\t\t\t<\/div>\n\t\t\t\t<\/div>\n\t\t\t\t<div class=\"elementor-element elementor-element-2dc0702 elementor-widget elementor-widget-heading\" data-id=\"2dc0702\" data-element_type=\"widget\" data-e-type=\"widget\" data-widget_type=\"heading.default\">\n\t\t\t\t<div class=\"elementor-widget-container\">\n\t\t\t\t\t<div class=\"elementor-heading-title elementor-size-default\"><a href=\"https:\/\/drstrebwnd.de\/en\/the-practice\/psychotherapy\/\">Psychotherapy<\/a><\/div>\t\t\t\t<\/div>\n\t\t\t\t<\/div>\n\t\t\t\t<div class=\"elementor-element elementor-element-52f5323 elementor-widget elementor-widget-heading\" data-id=\"52f5323\" data-element_type=\"widget\" data-e-type=\"widget\" data-widget_type=\"heading.default\">\n\t\t\t\t<div class=\"elementor-widget-container\">\n\t\t\t\t\t<div class=\"elementor-heading-title elementor-size-default\"><a href=\"https:\/\/drstrebwnd.de\/en\/the-practice\/traffic-medicine\/\">Traffic medicine<\/a><\/div>\t\t\t\t<\/div>\n\t\t\t\t<\/div>\n\t\t\t\t<div class=\"elementor-element elementor-element-da097dd elementor-widget elementor-widget-heading\" data-id=\"da097dd\" data-element_type=\"widget\" data-e-type=\"widget\" data-widget_type=\"heading.default\">\n\t\t\t\t<div class=\"elementor-widget-container\">\n\t\t\t\t\t<div class=\"elementor-heading-title elementor-size-default\"><a href=\"https:\/\/drstrebwnd.de\/en\/the-practice\/addiction-medicine-basic-care\/\">Addiction Medicine<\/a><\/div>\t\t\t\t<\/div>\n\t\t\t\t<\/div>\n\t\t\t\t<\/div>\n\t\t\t\t<div class=\"elementor-element elementor-element-74bb570 elementor-widget elementor-widget-text-editor\" data-id=\"74bb570\" data-element_type=\"widget\" data-e-type=\"widget\" data-widget_type=\"text-editor.default\">\n\t\t\t\t<div class=\"elementor-widget-container\">\n\t\t\t\t\t\t\t\t\t<p>In our practice, we combine medical expertise with personal care &#8211; for body and soul. Under one roof, we treat both <strong>physical and mental illnesses and conditions<\/strong> in the following specialist areas:<\/p><ul><li><strong>Neurology<\/strong><\/li><li><strong>Psychiatry including psychotherapy<\/strong><\/li><li><strong>Sleep medicine<\/strong><\/li><\/ul><p>We also have special experience in <strong>addiction medicine<\/strong> and <strong>traffic medicine<\/strong>.<br \/>We are also prepare <strong>specialist medical reports<\/strong> for you.<\/p>\t\t\t\t\t\t\t\t<\/div>\n\t\t\t\t<\/div>\n\t\t<div class=\"elementor-element elementor-element-bc2ba7f e-con-full e-flex e-con e-child\" data-id=\"bc2ba7f\" data-element_type=\"container\" data-e-type=\"container\">\n\t\t<div class=\"elementor-element elementor-element-355d478 e-con-full e-flex e-con e-child\" data-id=\"355d478\" data-element_type=\"container\" data-e-type=\"container\">\n\t\t\t\t<div class=\"elementor-element elementor-element-652fe0c elementor-widget elementor-widget-image\" data-id=\"652fe0c\" data-element_type=\"widget\" data-e-type=\"widget\" data-widget_type=\"image.default\">\n\t\t\t\t<div class=\"elementor-widget-container\">\n\t\t\t\t\t\t\t\t\t\t\t\t\t\t\t<img decoding=\"async\" width=\"776\" height=\"1024\" src=\"https:\/\/drstrebwnd.de\/wp-content\/uploads\/drstreb_hans-sterb-776x1024.webp\" class=\"attachment-large size-large wp-image-511\" alt=\"Portr\u00e4t von Dr. med. Hans Streb\" srcset=\"https:\/\/drstrebwnd.de\/wp-content\/uploads\/drstreb_hans-sterb-776x1024.webp 776w, https:\/\/drstrebwnd.de\/wp-content\/uploads\/drstreb_hans-sterb-227x300.webp 227w, https:\/\/drstrebwnd.de\/wp-content\/uploads\/drstreb_hans-sterb-768x1014.webp 768w, https:\/\/drstrebwnd.de\/wp-content\/uploads\/drstreb_hans-sterb.webp 1110w\" sizes=\"(max-width: 776px) 100vw, 776px\" \/>\t\t\t\t\t\t\t\t\t\t\t\t\t\t\t<\/div>\n\t\t\t\t<\/div>\n\t\t<div class=\"elementor-element elementor-element-2e1af74 e-con-full e-flex e-con e-child\" data-id=\"2e1af74\" data-element_type=\"container\" data-e-type=\"container\">\n\t\t\t\t<div class=\"elementor-element elementor-element-a591e04 elementor-widget elementor-widget-heading\" data-id=\"a591e04\" data-element_type=\"widget\" data-e-type=\"widget\" data-widget_type=\"heading.default\">\n\t\t\t\t<div class=\"elementor-widget-container\">\n\t\t\t\t\t<h2 class=\"elementor-heading-title elementor-size-default\">Dr. med. Hans J\u00fcrgen Streb<\/h2>\t\t\t\t<\/div>\n\t\t\t\t<\/div>\n\t\t\t\t<div class=\"elementor-element elementor-element-e8a2032 elementor-widget elementor-widget-heading\" data-id=\"e8a2032\" data-element_type=\"widget\" data-e-type=\"widget\" data-widget_type=\"heading.default\">\n\t\t\t\t<div class=\"elementor-widget-container\">\n\t\t\t\t\t<h4 class=\"elementor-heading-title elementor-size-default\">Specialist in neurology and psychiatry<\/h4>\t\t\t\t<\/div>\n\t\t\t\t<\/div>\n\t\t\t\t<div class=\"elementor-element elementor-element-8c34a00 elementor-widget elementor-widget-text-editor\" data-id=\"8c34a00\" data-element_type=\"widget\" data-e-type=\"widget\" data-widget_type=\"text-editor.default\">\n\t\t\t\t<div class=\"elementor-widget-container\">\n\t\t\t\t\t\t\t\t\t<p><strong>Additional qualifications:<\/strong><\/p><ul><li>Psychotherapy<\/li><li>Sleep medicine<\/li><li>Addiction medicine<\/li><li>Traffic medicine<\/li><\/ul>\t\t\t\t\t\t\t\t<\/div>\n\t\t\t\t<\/div>\n\t\t\t\t<\/div>\n\t\t\t\t<\/div>\n\t\t<div class=\"elementor-element elementor-element-5b9592d e-con-full e-flex e-con e-child\" data-id=\"5b9592d\" data-element_type=\"container\" data-e-type=\"container\">\n\t\t\t\t<div class=\"elementor-element elementor-element-c665d95 elementor-widget elementor-widget-image\" data-id=\"c665d95\" data-element_type=\"widget\" data-e-type=\"widget\" data-widget_type=\"image.default\">\n\t\t\t\t<div class=\"elementor-widget-container\">\n\t\t\t\t\t\t\t\t\t\t\t\t\t\t\t<img decoding=\"async\" width=\"798\" height=\"1024\" src=\"https:\/\/drstrebwnd.de\/wp-content\/uploads\/drstreb_anne-streb-798x1024.webp\" class=\"attachment-large size-large wp-image-510\" alt=\"Portr\u00e4t von Dr. med. Anne Streb\" srcset=\"https:\/\/drstrebwnd.de\/wp-content\/uploads\/drstreb_anne-streb-798x1024.webp 798w, https:\/\/drstrebwnd.de\/wp-content\/uploads\/drstreb_anne-streb-234x300.webp 234w, https:\/\/drstrebwnd.de\/wp-content\/uploads\/drstreb_anne-streb-768x985.webp 768w, https:\/\/drstrebwnd.de\/wp-content\/uploads\/drstreb_anne-streb.webp 838w\" sizes=\"(max-width: 798px) 100vw, 798px\" \/>\t\t\t\t\t\t\t\t\t\t\t\t\t\t\t<\/div>\n\t\t\t\t<\/div>\n\t\t<div class=\"elementor-element elementor-element-972f701 e-con-full e-flex e-con e-child\" data-id=\"972f701\" data-element_type=\"container\" data-e-type=\"container\">\n\t\t\t\t<div class=\"elementor-element elementor-element-01d11ca elementor-widget elementor-widget-heading\" data-id=\"01d11ca\" data-element_type=\"widget\" data-e-type=\"widget\" data-widget_type=\"heading.default\">\n\t\t\t\t<div class=\"elementor-widget-container\">\n\t\t\t\t\t<h5 class=\"elementor-heading-title elementor-size-default\">Medical controlling<\/h5>\t\t\t\t<\/div>\n\t\t\t\t<\/div>\n\t\t\t\t<div class=\"elementor-element elementor-element-dd8e5e9 elementor-widget elementor-widget-heading\" data-id=\"dd8e5e9\" data-element_type=\"widget\" data-e-type=\"widget\" data-widget_type=\"heading.default\">\n\t\t\t\t<div class=\"elementor-widget-container\">\n\t\t\t\t\t<h3 class=\"elementor-heading-title elementor-size-default\">Dr. med. Anne Streb<\/h3>\t\t\t\t<\/div>\n\t\t\t\t<\/div>\n\t\t\t\t<div class=\"elementor-element elementor-element-239bd3d elementor-widget elementor-widget-heading\" data-id=\"239bd3d\" data-element_type=\"widget\" data-e-type=\"widget\" data-widget_type=\"heading.default\">\n\t\t\t\t<div class=\"elementor-widget-container\">\n\t\t\t\t\t<h4 class=\"elementor-heading-title elementor-size-default\">Specialist for internal medicine<\/h4>\t\t\t\t<\/div>\n\t\t\t\t<\/div>\n\t\t\t\t<\/div>\n\t\t\t\t<\/div>\n\t\t\t\t<\/div>\n\t\t\t\t<\/div>\n\t\t\t\t<\/div>\n\t\t","protected":false},"excerpt":{"rendered":"<p>Willkommen in unserer Privatpraxis f\u00fcr Leib und Seele Neurologie Psychiatrie Schlafmedizin Psychotherapie Verkehrsmedizin Suchtmedizin In unserer Praxis verbinden wir medizinisches Fachwissen mit pers\u00f6nlicher Betreuung \u2013 f\u00fcr K\u00f6rper und Seele.Unter einem Dach behandeln wir sowohl k\u00f6rperliche als auch psychische Krankheiten und Leiden in den folgenden Fachgebieten: Neurologie Psychiatrie einschlie\u00dflich Psychotherapie Schlafmedizin Besondere Kenntnisse bestehen auch in [&hellip;]<\/p>\n","protected":false},"author":1,"featured_media":369,"parent":0,"menu_order":0,"comment_status":"closed","ping_status":"closed","template":"","meta":{"footnotes":""},"class_list":["post-18","page","type-page","status-publish","has-post-thumbnail","hentry"],"_links":{"self":[{"href":"https:\/\/drstrebwnd.de\/en\/wp-json\/wp\/v2\/pages\/18","targetHints":{"allow":["GET"]}}],"collection":[{"href":"https:\/\/drstrebwnd.de\/en\/wp-json\/wp\/v2\/pages"}],"about":[{"href":"https:\/\/drstrebwnd.de\/en\/wp-json\/wp\/v2\/types\/page"}],"author":[{"embeddable":true,"href":"https:\/\/drstrebwnd.de\/en\/wp-json\/wp\/v2\/users\/1"}],"replies":[{"embeddable":true,"href":"https:\/\/drstrebwnd.de\/en\/wp-json\/wp\/v2\/comments?post=18"}],"version-history":[{"count":3,"href":"https:\/\/drstrebwnd.de\/en\/wp-json\/wp\/v2\/pages\/18\/revisions"}],"predecessor-version":[{"id":2192,"href":"https:\/\/drstrebwnd.de\/en\/wp-json\/wp\/v2\/pages\/18\/revisions\/2192"}],"wp:featuredmedia":[{"embeddable":true,"href":"https:\/\/drstrebwnd.de\/en\/wp-json\/wp\/v2\/media\/369"}],"wp:attachment":[{"href":"https:\/\/drstrebwnd.de\/en\/wp-json\/wp\/v2\/media?parent=18"}],"curies":[{"name":"wp","href":"https:\/\/api.w.org\/{rel}","templated":true}]}}