{"id":35,"date":"2025-04-21T14:43:32","date_gmt":"2025-04-21T14:43:32","guid":{"rendered":"https:\/\/praxis.streb.digital\/?page_id=35"},"modified":"2026-03-25T13:20:45","modified_gmt":"2026-03-25T13:20:45","slug":"psychiatrie","status":"publish","type":"page","link":"https:\/\/drstrebwnd.de\/en\/the-practice\/ssychiatry\/","title":{"rendered":"Psychiatry"},"content":{"rendered":"\t\t<div data-elementor-type=\"wp-page\" data-elementor-id=\"35\" class=\"elementor elementor-35\" data-elementor-post-type=\"page\">\n\t\t\t\t<div class=\"elementor-element elementor-element-cb1159c e-con-full e-flex e-con e-parent\" data-id=\"cb1159c\" data-element_type=\"container\" data-e-type=\"container\">\n\t\t\t\t<div class=\"elementor-element elementor-element-11d75fa elementor-widget elementor-widget-template\" data-id=\"11d75fa\" data-element_type=\"widget\" data-e-type=\"widget\" data-widget_type=\"template.default\">\n\t\t\t\t<div class=\"elementor-widget-container\">\n\t\t\t\t\t\t\t<div class=\"elementor-template\">\n\t\t\t\t\t<div data-elementor-type=\"container\" data-elementor-id=\"577\" class=\"elementor elementor-577\" data-elementor-post-type=\"elementor_library\">\n\t\t\t\t<div class=\"elementor-element elementor-element-3c5e3e3a e-con-full e-flex e-con e-child\" data-id=\"3c5e3e3a\" data-element_type=\"container\" data-e-type=\"container\" data-settings=\"{&quot;background_background&quot;:&quot;classic&quot;}\">\n\t\t\t\t<div class=\"elementor-element elementor-element-5554046d elementor-widget elementor-widget-heading\" data-id=\"5554046d\" data-element_type=\"widget\" data-e-type=\"widget\" data-widget_type=\"heading.default\">\n\t\t\t\t<div class=\"elementor-widget-container\">\n\t\t\t\t\t<h5 class=\"elementor-heading-title elementor-size-default\">Your practice for body and soul<\/h5>\t\t\t\t<\/div>\n\t\t\t\t<\/div>\n\t\t\t\t<div class=\"elementor-element elementor-element-38ef8a46 elementor-widget elementor-widget-heading\" data-id=\"38ef8a46\" data-element_type=\"widget\" data-e-type=\"widget\" data-widget_type=\"heading.default\">\n\t\t\t\t<div class=\"elementor-widget-container\">\n\t\t\t\t\t<h4 class=\"elementor-heading-title elementor-size-default\">Private practice Dr. Hans J\u00fcrgen Streb<\/h4>\t\t\t\t<\/div>\n\t\t\t\t<\/div>\n\t\t\t\t<\/div>\n\t\t\t\t<\/div>\n\t\t\t\t<\/div>\n\t\t\t\t\t\t<\/div>\n\t\t\t\t<\/div>\n\t\t<div class=\"elementor-element elementor-element-7250255 e-con-full e-flex e-con e-child\" data-id=\"7250255\" data-element_type=\"container\" data-e-type=\"container\">\n\t\t\t\t<div class=\"elementor-element elementor-element-72d31c2 elementor-widget__width-inherit elementor-widget elementor-widget-text-editor\" data-id=\"72d31c2\" data-element_type=\"widget\" data-e-type=\"widget\" data-widget_type=\"text-editor.default\">\n\t\t\t\t<div class=\"elementor-widget-container\">\n\t\t\t\t\t\t\t\t\t<h1 class=\"m-size-42 text-align-center\"><span class=\"font-size-25 m-font-size-20\">Psychiatry <img decoding=\"async\" class=\"alignnone wp-image-1750 size-medium\" src=\"https:\/\/drstrebwnd.de\/wp-content\/uploads\/psych-300x300.png\" alt=\"\" width=\"300\" height=\"300\" srcset=\"https:\/\/drstrebwnd.de\/wp-content\/uploads\/psych-300x300.png 300w, https:\/\/drstrebwnd.de\/wp-content\/uploads\/psych-150x150.png 150w, https:\/\/drstrebwnd.de\/wp-content\/uploads\/psych.png 499w\" sizes=\"(max-width: 300px) 100vw, 300px\" \/><\/span><\/h1>\t\t\t\t\t\t\t\t<\/div>\n\t\t\t\t<\/div>\n\t\t\t\t<div class=\"elementor-element elementor-element-efa71f2 elementor-widget elementor-widget-text-editor\" data-id=\"efa71f2\" data-element_type=\"widget\" data-e-type=\"widget\" data-widget_type=\"text-editor.default\">\n\t\t\t\t<div class=\"elementor-widget-container\">\n\t\t\t\t\t\t\t\t\t<p><strong>There for you holistically<\/strong><\/p><p>In order to provide you with the best possible support, we combine modern diagnostics with individual therapeutic offers. Our aim is to understand your complaints holistically and find suitable treatment options together &#8211; carefully, personally and with a view to your life situation.<\/p>\t\t\t\t\t\t\t\t<\/div>\n\t\t\t\t<\/div>\n\t\t\t\t<div class=\"elementor-element elementor-element-2b1c085 elementor-widget elementor-widget-text-editor\" data-id=\"2b1c085\" data-element_type=\"widget\" data-e-type=\"widget\" data-widget_type=\"text-editor.default\">\n\t\t\t\t<div class=\"elementor-widget-container\">\n\t\t\t\t\t\t\t\t\t<p><strong>Our services for your health:<\/strong><\/p><ul><li>Laboratory tests<\/li><li>Psychological testing<\/li><li>Electroencephalography<\/li><li>Further diagnostics, such as for neurological diseases<\/li><li>Conversational psychotherapy (person-centered psychotherapy)<\/li><li>Behavioral therapy<\/li><li>Medical therapy<\/li><\/ul>\t\t\t\t\t\t\t\t<\/div>\n\t\t\t\t<\/div>\n\t\t<div class=\"elementor-element elementor-element-b611f9d e-con-full e-flex e-con e-child\" data-id=\"b611f9d\" data-element_type=\"container\" data-e-type=\"container\">\n\t\t\t\t<div class=\"elementor-element elementor-element-20a492c elementor-widget__width-initial img-max-height elementor-widget elementor-widget-image\" data-id=\"20a492c\" data-element_type=\"widget\" data-e-type=\"widget\" data-widget_type=\"image.default\">\n\t\t\t\t<div class=\"elementor-widget-container\">\n\t\t\t\t\t\t\t\t\t\t\t\t\t\t\t\t<a href=\"https:\/\/drstrebwnd.de\/wp-content\/uploads\/IMG_2989.jpeg\" data-elementor-open-lightbox=\"yes\" data-elementor-lightbox-title=\"IMG_2989\" data-e-action-hash=\"#elementor-action%3Aaction%3Dlightbox%26settings%3DeyJpZCI6MjQyMCwidXJsIjoiaHR0cHM6XC9cL2Ryc3RyZWJ3bmQuZGVcL3dwLWNvbnRlbnRcL3VwbG9hZHNcL0lNR18yOTg5LmpwZWcifQ%3D%3D\">\n\t\t\t\t\t\t\t<img decoding=\"async\" width=\"320\" height=\"228\" src=\"https:\/\/drstrebwnd.de\/wp-content\/uploads\/IMG_2989.jpeg\" class=\"attachment-2048x2048 size-2048x2048 wp-image-2420\" alt=\"\" srcset=\"https:\/\/drstrebwnd.de\/wp-content\/uploads\/IMG_2989.jpeg 320w, https:\/\/drstrebwnd.de\/wp-content\/uploads\/IMG_2989-300x214.jpeg 300w\" sizes=\"(max-width: 320px) 100vw, 320px\" \/>\t\t\t\t\t\t\t\t<\/a>\n\t\t\t\t\t\t\t\t\t\t\t\t\t\t\t<\/div>\n\t\t\t\t<\/div>\n\t\t\t\t<\/div>\n\t\t\t\t<\/div>\n\t\t\t\t<\/div>\n\t\t\t\t<\/div>\n\t\t","protected":false},"excerpt":{"rendered":"<p>Psychiatrie Ganzheitlich f\u00fcr Sie da Um Sie bestm\u00f6glich zu unterst\u00fctzen, kombinieren wir moderne Diagnostik mit individuellen therapeutischen Angeboten. Unser Ziel ist es, Ihre Beschwerden ganzheitlich zu verstehen und gemeinsam passende Wege zur Behandlung zu finden \u2013 sorgf\u00e4ltig, pers\u00f6nlich und mit Blick auf Ihre Lebenssituation. Unsere Leistungen: Laboruntersuchungen Psychologische Testungen Elektroenzephalographie weiterf\u00fchrende Diagnostik, wie bei neurologischen [&hellip;]<\/p>\n","protected":false},"author":1,"featured_media":0,"parent":25,"menu_order":0,"comment_status":"closed","ping_status":"closed","template":"","meta":{"footnotes":""},"class_list":["post-35","page","type-page","status-publish","hentry"],"_links":{"self":[{"href":"https:\/\/drstrebwnd.de\/en\/wp-json\/wp\/v2\/pages\/35","targetHints":{"allow":["GET"]}}],"collection":[{"href":"https:\/\/drstrebwnd.de\/en\/wp-json\/wp\/v2\/pages"}],"about":[{"href":"https:\/\/drstrebwnd.de\/en\/wp-json\/wp\/v2\/types\/page"}],"author":[{"embeddable":true,"href":"https:\/\/drstrebwnd.de\/en\/wp-json\/wp\/v2\/users\/1"}],"replies":[{"embeddable":true,"href":"https:\/\/drstrebwnd.de\/en\/wp-json\/wp\/v2\/comments?post=35"}],"version-history":[{"count":31,"href":"https:\/\/drstrebwnd.de\/en\/wp-json\/wp\/v2\/pages\/35\/revisions"}],"predecessor-version":[{"id":2484,"href":"https:\/\/drstrebwnd.de\/en\/wp-json\/wp\/v2\/pages\/35\/revisions\/2484"}],"up":[{"embeddable":true,"href":"https:\/\/drstrebwnd.de\/en\/wp-json\/wp\/v2\/pages\/25"}],"wp:attachment":[{"href":"https:\/\/drstrebwnd.de\/en\/wp-json\/wp\/v2\/media?parent=35"}],"curies":[{"name":"wp","href":"https:\/\/api.w.org\/{rel}","templated":true}]}}