{"id":60,"date":"2025-04-21T14:46:51","date_gmt":"2025-04-21T14:46:51","guid":{"rendered":"https:\/\/praxis.streb.digital\/?page_id=60"},"modified":"2025-05-10T10:28:42","modified_gmt":"2025-05-10T10:28:42","slug":"unser-ethos","status":"publish","type":"page","link":"https:\/\/drstrebwnd.de\/en\/our-ethos\/","title":{"rendered":"Our ethos"},"content":{"rendered":"\t\t<div data-elementor-type=\"wp-page\" data-elementor-id=\"60\" class=\"elementor elementor-60\" data-elementor-post-type=\"page\">\n\t\t\t\t<div class=\"elementor-element elementor-element-d4354e4 e-con-full e-flex e-con e-parent\" data-id=\"d4354e4\" data-element_type=\"container\" data-e-type=\"container\">\n\t\t\t\t<div class=\"elementor-element elementor-element-225ebee elementor-widget elementor-widget-template\" data-id=\"225ebee\" data-element_type=\"widget\" data-e-type=\"widget\" data-widget_type=\"template.default\">\n\t\t\t\t<div class=\"elementor-widget-container\">\n\t\t\t\t\t\t\t<div class=\"elementor-template\">\n\t\t\t\t\t<div data-elementor-type=\"container\" data-elementor-id=\"577\" class=\"elementor elementor-577\" data-elementor-post-type=\"elementor_library\">\n\t\t\t\t<div class=\"elementor-element elementor-element-3c5e3e3a e-con-full e-flex e-con e-child\" data-id=\"3c5e3e3a\" data-element_type=\"container\" data-e-type=\"container\" data-settings=\"{&quot;background_background&quot;:&quot;classic&quot;}\">\n\t\t\t\t<div class=\"elementor-element elementor-element-5554046d elementor-widget elementor-widget-heading\" data-id=\"5554046d\" data-element_type=\"widget\" data-e-type=\"widget\" data-widget_type=\"heading.default\">\n\t\t\t\t<div class=\"elementor-widget-container\">\n\t\t\t\t\t<h5 class=\"elementor-heading-title elementor-size-default\">Your practice for body and soul<\/h5>\t\t\t\t<\/div>\n\t\t\t\t<\/div>\n\t\t\t\t<div class=\"elementor-element elementor-element-38ef8a46 elementor-widget elementor-widget-heading\" data-id=\"38ef8a46\" data-element_type=\"widget\" data-e-type=\"widget\" data-widget_type=\"heading.default\">\n\t\t\t\t<div class=\"elementor-widget-container\">\n\t\t\t\t\t<h4 class=\"elementor-heading-title elementor-size-default\">Private practice Dr. Hans J\u00fcrgen Streb<\/h4>\t\t\t\t<\/div>\n\t\t\t\t<\/div>\n\t\t\t\t<\/div>\n\t\t\t\t<\/div>\n\t\t\t\t<\/div>\n\t\t\t\t\t\t<\/div>\n\t\t\t\t<\/div>\n\t\t<div class=\"elementor-element elementor-element-109ec45 e-con-full e-flex e-con e-child\" data-id=\"109ec45\" data-element_type=\"container\" data-e-type=\"container\">\n\t\t\t\t<div class=\"elementor-element elementor-element-76f36b6 elementor-widget__width-inherit elementor-widget elementor-widget-text-editor\" data-id=\"76f36b6\" data-element_type=\"widget\" data-e-type=\"widget\" data-widget_type=\"text-editor.default\">\n\t\t\t\t<div class=\"elementor-widget-container\">\n\t\t\t\t\t\t\t\t\t<h1>Our ethos<img decoding=\"async\" class=\"wp-image-498 alignnone\" src=\"https:\/\/drstrebwnd.de\/wp-content\/uploads\/owl-300x300.png\" alt=\"\" width=\"32\" height=\"32\" srcset=\"https:\/\/drstrebwnd.de\/wp-content\/uploads\/owl-300x300.png 300w, https:\/\/drstrebwnd.de\/wp-content\/uploads\/owl-150x150.png 150w, https:\/\/drstrebwnd.de\/wp-content\/uploads\/owl.png 512w\" sizes=\"(max-width: 32px) 100vw, 32px\" \/><\/h1>\t\t\t\t\t\t\t\t<\/div>\n\t\t\t\t<\/div>\n\t\t<div class=\"elementor-element elementor-element-8fb1ea9 e-con-full e-flex e-con e-child\" data-id=\"8fb1ea9\" data-element_type=\"container\" data-e-type=\"container\">\n\t\t\t\t<div class=\"elementor-element elementor-element-6aedfff elementor-widget elementor-widget-text-editor\" data-id=\"6aedfff\" data-element_type=\"widget\" data-e-type=\"widget\" data-widget_type=\"text-editor.default\">\n\t\t\t\t<div class=\"elementor-widget-container\">\n\t\t\t\t\t\t\t\t\t<p>We &#8211; my wife and I &#8211; see ourselves as a well-coordinated team that accompanies you with heart and mind.<br \/>Our aim is to contribute to your<strong> health, inner balance and quality of life<\/strong>.<\/p><p>What guides us is a mixture of professional competence, human closeness and genuine interest in your well-being.<br \/>Patience, respect and care are a matter of course for us &#8211; in our dealings with each other and with you.<\/p><p>We value cooperation based on trust: open, constructive and always at eye level &#8211; with patients, relatives and everyone who is part of the treatment process.<\/p><p>The people who come to us are not customers &#8211; and we are not service providers.<br \/>They are people in special life situations.<br \/>We want you to feel that you are in good hands with us &#8211; with the aim of taking steps together towards greater <strong>satisfaction, enjoyment of life and health<\/strong>.<\/p>\t\t\t\t\t\t\t\t<\/div>\n\t\t\t\t<\/div>\n\t\t<div class=\"elementor-element elementor-element-307eae6 e-con-full e-flex e-con e-child\" data-id=\"307eae6\" data-element_type=\"container\" data-e-type=\"container\">\n\t\t\t\t<div class=\"elementor-element elementor-element-6467a19 elementor-widget__width-initial elementor-widget elementor-widget-image\" data-id=\"6467a19\" data-element_type=\"widget\" data-e-type=\"widget\" data-widget_type=\"image.default\">\n\t\t\t\t<div class=\"elementor-widget-container\">\n\t\t\t\t\t\t\t\t\t\t\t\t<figure class=\"wp-caption\">\n\t\t\t\t\t\t\t\t\t\t<img decoding=\"async\" width=\"776\" height=\"1024\" src=\"https:\/\/drstrebwnd.de\/wp-content\/uploads\/drstreb_hans-sterb-776x1024.webp\" class=\"attachment-large size-large wp-image-511\" alt=\"Portr\u00e4t von Dr. med. Hans Streb\" srcset=\"https:\/\/drstrebwnd.de\/wp-content\/uploads\/drstreb_hans-sterb-776x1024.webp 776w, https:\/\/drstrebwnd.de\/wp-content\/uploads\/drstreb_hans-sterb-227x300.webp 227w, https:\/\/drstrebwnd.de\/wp-content\/uploads\/drstreb_hans-sterb-768x1014.webp 768w, https:\/\/drstrebwnd.de\/wp-content\/uploads\/drstreb_hans-sterb.webp 1110w\" sizes=\"(max-width: 776px) 100vw, 776px\" \/>\t\t\t\t\t\t\t\t\t\t\t<figcaption class=\"widget-image-caption wp-caption-text\">Dr. med. Hans J\u00fcrgen Streb<\/figcaption>\n\t\t\t\t\t\t\t\t\t\t<\/figure>\n\t\t\t\t\t\t\t\t\t<\/div>\n\t\t\t\t<\/div>\n\t\t\t\t<div class=\"elementor-element elementor-element-c46911f elementor-widget__width-initial elementor-widget elementor-widget-image\" data-id=\"c46911f\" data-element_type=\"widget\" data-e-type=\"widget\" data-widget_type=\"image.default\">\n\t\t\t\t<div class=\"elementor-widget-container\">\n\t\t\t\t\t\t\t\t\t\t\t\t<figure class=\"wp-caption\">\n\t\t\t\t\t\t\t\t\t\t<img decoding=\"async\" width=\"798\" height=\"1024\" src=\"https:\/\/drstrebwnd.de\/wp-content\/uploads\/drstreb_anne-streb-798x1024.webp\" class=\"attachment-large size-large wp-image-510\" alt=\"Portr\u00e4t von Dr. med. Anne Streb\" srcset=\"https:\/\/drstrebwnd.de\/wp-content\/uploads\/drstreb_anne-streb-798x1024.webp 798w, https:\/\/drstrebwnd.de\/wp-content\/uploads\/drstreb_anne-streb-234x300.webp 234w, https:\/\/drstrebwnd.de\/wp-content\/uploads\/drstreb_anne-streb-768x985.webp 768w, https:\/\/drstrebwnd.de\/wp-content\/uploads\/drstreb_anne-streb.webp 838w\" sizes=\"(max-width: 798px) 100vw, 798px\" \/>\t\t\t\t\t\t\t\t\t\t\t<figcaption class=\"widget-image-caption wp-caption-text\">Dr. med. Anne Streb<\/figcaption>\n\t\t\t\t\t\t\t\t\t\t<\/figure>\n\t\t\t\t\t\t\t\t\t<\/div>\n\t\t\t\t<\/div>\n\t\t\t\t<\/div>\n\t\t\t\t<\/div>\n\t\t\t\t<\/div>\n\t\t\t\t<\/div>\n\t\t\t\t<\/div>\n\t\t","protected":false},"excerpt":{"rendered":"<p>Unser Ethos Wir \u2013 meine Frau und ich \u2013 verstehen uns als ein eingespieltes Team, das Sie mit Herz und Verstand begleitet.Unser Ziel ist es, zu Gesundheit, innerer Ausgeglichenheit und Lebensqualit\u00e4t beizutragen. Was uns leitet, ist eine Mischung aus fachlicher Kompetenz, menschlicher N\u00e4he und echtem Interesse an Ihrem Wohlbefinden.Geduld, Respekt und F\u00fcrsorge sind f\u00fcr uns [&hellip;]<\/p>\n","protected":false},"author":1,"featured_media":0,"parent":0,"menu_order":0,"comment_status":"closed","ping_status":"closed","template":"elementor_theme","meta":{"footnotes":""},"class_list":["post-60","page","type-page","status-publish","hentry"],"_links":{"self":[{"href":"https:\/\/drstrebwnd.de\/en\/wp-json\/wp\/v2\/pages\/60","targetHints":{"allow":["GET"]}}],"collection":[{"href":"https:\/\/drstrebwnd.de\/en\/wp-json\/wp\/v2\/pages"}],"about":[{"href":"https:\/\/drstrebwnd.de\/en\/wp-json\/wp\/v2\/types\/page"}],"author":[{"embeddable":true,"href":"https:\/\/drstrebwnd.de\/en\/wp-json\/wp\/v2\/users\/1"}],"replies":[{"embeddable":true,"href":"https:\/\/drstrebwnd.de\/en\/wp-json\/wp\/v2\/comments?post=60"}],"version-history":[{"count":0,"href":"https:\/\/drstrebwnd.de\/en\/wp-json\/wp\/v2\/pages\/60\/revisions"}],"wp:attachment":[{"href":"https:\/\/drstrebwnd.de\/en\/wp-json\/wp\/v2\/media?parent=60"}],"curies":[{"name":"wp","href":"https:\/\/api.w.org\/{rel}","templated":true}]}}