{"id":72,"date":"2025-04-21T14:50:44","date_gmt":"2025-04-21T14:50:44","guid":{"rendered":"https:\/\/praxis.streb.digital\/?page_id=72"},"modified":"2025-05-08T09:12:30","modified_gmt":"2025-05-08T09:12:30","slug":"gebuehren","status":"publish","type":"page","link":"https:\/\/drstrebwnd.de\/en\/fees\/","title":{"rendered":"Fees"},"content":{"rendered":"\t\t<div data-elementor-type=\"wp-page\" data-elementor-id=\"72\" class=\"elementor elementor-72\" data-elementor-post-type=\"page\">\n\t\t\t\t<div class=\"elementor-element elementor-element-4044cab e-con-full e-flex e-con e-parent\" data-id=\"4044cab\" data-element_type=\"container\" data-e-type=\"container\">\n\t\t\t\t<div class=\"elementor-element elementor-element-4b32c0a elementor-widget elementor-widget-template\" data-id=\"4b32c0a\" data-element_type=\"widget\" data-e-type=\"widget\" data-widget_type=\"template.default\">\n\t\t\t\t<div class=\"elementor-widget-container\">\n\t\t\t\t\t\t\t<div class=\"elementor-template\">\n\t\t\t\t\t<div data-elementor-type=\"container\" data-elementor-id=\"577\" class=\"elementor elementor-577\" data-elementor-post-type=\"elementor_library\">\n\t\t\t\t<div class=\"elementor-element elementor-element-3c5e3e3a e-con-full e-flex e-con e-child\" data-id=\"3c5e3e3a\" data-element_type=\"container\" data-e-type=\"container\" data-settings=\"{&quot;background_background&quot;:&quot;classic&quot;}\">\n\t\t\t\t<div class=\"elementor-element elementor-element-5554046d elementor-widget elementor-widget-heading\" data-id=\"5554046d\" data-element_type=\"widget\" data-e-type=\"widget\" data-widget_type=\"heading.default\">\n\t\t\t\t<div class=\"elementor-widget-container\">\n\t\t\t\t\t<h5 class=\"elementor-heading-title elementor-size-default\">Your practice for body and soul<\/h5>\t\t\t\t<\/div>\n\t\t\t\t<\/div>\n\t\t\t\t<div class=\"elementor-element elementor-element-38ef8a46 elementor-widget elementor-widget-heading\" data-id=\"38ef8a46\" data-element_type=\"widget\" data-e-type=\"widget\" data-widget_type=\"heading.default\">\n\t\t\t\t<div class=\"elementor-widget-container\">\n\t\t\t\t\t<h4 class=\"elementor-heading-title elementor-size-default\">Private practice Dr. Hans J\u00fcrgen Streb<\/h4>\t\t\t\t<\/div>\n\t\t\t\t<\/div>\n\t\t\t\t<\/div>\n\t\t\t\t<\/div>\n\t\t\t\t<\/div>\n\t\t\t\t\t\t<\/div>\n\t\t\t\t<\/div>\n\t\t<div class=\"elementor-element elementor-element-0294250 e-con-full e-flex e-con e-child\" data-id=\"0294250\" data-element_type=\"container\" data-e-type=\"container\">\n\t\t\t\t<div class=\"elementor-element elementor-element-90edd6a elementor-widget__width-inherit elementor-widget elementor-widget-text-editor\" data-id=\"90edd6a\" data-element_type=\"widget\" data-e-type=\"widget\" data-widget_type=\"text-editor.default\">\n\t\t\t\t<div class=\"elementor-widget-container\">\n\t\t\t\t\t\t\t\t\t<h1 class=\"text-align-center size-25 m-size-20\"><span class=\"font-size-25 m-font-size-20\">Medical fee schedule (MFS)\u00a0 <\/span><img decoding=\"async\" class=\"alignnone wp-image-499\" src=\"https:\/\/drstrebwnd.de\/wp-content\/uploads\/money-300x300.png\" alt=\"\" width=\"32\" height=\"32\" srcset=\"https:\/\/drstrebwnd.de\/wp-content\/uploads\/money-300x300.png 300w, https:\/\/drstrebwnd.de\/wp-content\/uploads\/money-150x150.png 150w, https:\/\/drstrebwnd.de\/wp-content\/uploads\/money.png 512w\" sizes=\"(max-width: 32px) 100vw, 32px\" \/><abbr><\/abbr><\/h1>\t\t\t\t\t\t\t\t<\/div>\n\t\t\t\t<\/div>\n\t\t\t\t<div class=\"elementor-element elementor-element-2899c88 elementor-widget__width-inherit elementor-widget elementor-widget-shortcode\" data-id=\"2899c88\" data-element_type=\"widget\" data-e-type=\"widget\" data-widget_type=\"shortcode.default\">\n\t\t\t\t<div class=\"elementor-widget-container\">\n\t\t\t\t\t\t\t<div class=\"elementor-shortcode\">\n<table id=\"tablepress-1\" class=\"tablepress tablepress-id-1\">\n<thead>\n<tr class=\"row-1\">\n\t<th class=\"column-1\">Ziffer<\/th><th class=\"column-2\">Untersuchung<\/th><th class=\"column-3\">Satz<\/th><th class=\"column-4\">Betrag <\/th>\n<\/tr>\n<\/thead>\n<tbody class=\"row-striping row-hover\">\n<tr class=\"row-2\">\n\t<td class=\"column-1\">800<\/td><td class=\"column-2\">eingehende neurologische Untersuchung<\/td><td class=\"column-3\">2,3-fach<\/td><td class=\"column-4\">26,14 \u20ac<\/td>\n<\/tr>\n<tr class=\"row-3\">\n\t<td class=\"column-1\">801<\/td><td class=\"column-2\">eingehende psychiatrische Untersuchung<\/td><td class=\"column-3\">2,3-fach<\/td><td class=\"column-4\">33,52 \u20ac<\/td>\n<\/tr>\n<tr class=\"row-4\">\n\t<td class=\"column-1\">804<\/td><td class=\"column-2\">psychiatrisches Gespr\u00e4ch 10 min<\/td><td class=\"column-3\">2,3-fach<\/td><td class=\"column-4\">20,11 \u20ac<\/td>\n<\/tr>\n<tr class=\"row-5\">\n\t<td class=\"column-1\">806<\/td><td class=\"column-2\">psychiatrisches Gespr\u00e4ch 20 min<\/td><td class=\"column-3\">2,3-fach<\/td><td class=\"column-4\">33,52 \u20ac<\/td>\n<\/tr>\n<tr class=\"row-6\">\n\t<td class=\"column-1\">812<\/td><td class=\"column-2\">Psychiatrische Notfallbehandlung, Intervention und therapeutisches Gespr\u00e4ch<\/td><td class=\"column-3\">2,3-fach<\/td><td class=\"column-4\">67,02 \u20ac<\/td>\n<\/tr>\n<tr class=\"row-7\">\n\t<td class=\"column-1\">835<\/td><td class=\"column-2\">psychiatrische Fremdanamnese<\/td><td class=\"column-3\">2,3-fach<\/td><td class=\"column-4\">8,58 \u20ac<\/td>\n<\/tr>\n<tr class=\"row-8\">\n\t<td class=\"column-1\">860<\/td><td class=\"column-2\">biografische Anamnese-Erhebung<\/td><td class=\"column-3\">2,3-fach<\/td><td class=\"column-4\">123,34 \u20ac<\/td>\n<\/tr>\n<tr class=\"row-9\">\n\t<td class=\"column-1\">870<\/td><td class=\"column-2\">Verhaltenstherapie 50 min<\/td><td class=\"column-3\">2,3-fach<\/td><td class=\"column-4\">100,55 \u20ac<\/td>\n<\/tr>\n<tr class=\"row-10\">\n\t<td class=\"column-1\">15<\/td><td class=\"column-2\">Einleitung flankierender Ma\u00dfnahmen<\/td><td class=\"column-3\">2,3-fach<\/td><td class=\"column-4\">40,22 \u20ac<\/td>\n<\/tr>\n<tr class=\"row-11\">\n\t<td class=\"column-1\">34<\/td><td class=\"column-2\">Er\u00f6rterung der Erkrankung 20 min<\/td><td class=\"column-3\">2,3-fach<\/td><td class=\"column-4\">40,22 \u20ac<\/td>\n<\/tr>\n<tr class=\"row-12\">\n\t<td class=\"column-1\">857<\/td><td class=\"column-2\">einer von 3 Hirnleistungstests<\/td><td class=\"column-3\">1,8-fach<\/td><td class=\"column-4\">12,17 \u20ac<\/td>\n<\/tr>\n<tr class=\"row-13\">\n\t<td class=\"column-1\">827<\/td><td class=\"column-2\">EEG<\/td><td class=\"column-3\">2,3-fach<\/td><td class=\"column-4\">81,11 \u20ac<\/td>\n<\/tr>\n<tr class=\"row-14\">\n\t<td class=\"column-1\">650<\/td><td class=\"column-2\">Einkanal-EKG<\/td><td class=\"column-3\">1,8-fach<\/td><td class=\"column-4\">15,95 \u20ac<\/td>\n<\/tr>\n<tr class=\"row-15\">\n\t<td class=\"column-1\">826<\/td><td class=\"column-2\">Gleichgewichts&shy;untersuchung<\/td><td class=\"column-3\">2,3-fach<\/td><td class=\"column-4\">13,27 \u20ac<\/td>\n<\/tr>\n<tr class=\"row-16\">\n\t<td class=\"column-1\">828<\/td><td class=\"column-2\">Messung evozierter Potentiale<\/td><td class=\"column-3\">2,3-fach<\/td><td class=\"column-4\">81,11 \u20ac<\/td>\n<\/tr>\n<tr class=\"row-17\">\n\t<td class=\"column-1\">829<\/td><td class=\"column-2\">Messung der Nerven-Leitgeschwindigkeit<\/td><td class=\"column-3\">2,3-fach<\/td><td class=\"column-4\">21,45 \u20ac<\/td>\n<\/tr>\n<tr class=\"row-18\">\n\t<td class=\"column-1\">855<\/td><td class=\"column-2\">Projektive und standardisierte Testverfahren<\/td><td class=\"column-3\">1,8-fach<\/td><td class=\"column-4\">75,74 \u20ac<\/td>\n<\/tr>\n<tr class=\"row-19\">\n\t<td class=\"column-1\">645<\/td><td class=\"column-2\">extrakranielle Doppler-Sonografie<\/td><td class=\"column-3\">1,8-fach<\/td><td class=\"column-4\">68,20 \u20ac<\/td>\n<\/tr>\n<tr class=\"row-20\">\n\t<td class=\"column-1\">649<\/td><td class=\"column-2\">transkranielle Doppler-Sonografie<\/td><td class=\"column-3\">2,3-fach<\/td><td class=\"column-4\">87,14 \u20ac<\/td>\n<\/tr>\n<tr class=\"row-21\">\n\t<td class=\"column-1\">305<\/td><td class=\"column-2\">Liquorpunktion<\/td><td class=\"column-3\">2,3-fach<\/td><td class=\"column-4\">46,92 \u20ac<\/td>\n<\/tr>\n<tr class=\"row-22\">\n\t<td class=\"column-1\">250<\/td><td class=\"column-2\">Blutentnahme<\/td><td class=\"column-3\">1,8-fach<\/td><td class=\"column-4\">4,20 \u20ac<\/td>\n<\/tr>\n<tr class=\"row-23\">\n\t<td class=\"column-1\">271<\/td><td class=\"column-2\">Infusion bis zu 30 min<\/td><td class=\"column-3\">2,3-fach<\/td><td class=\"column-4\">16,09 \u20ac<\/td>\n<\/tr>\n<tr class=\"row-24\">\n\t<td class=\"column-1\">272<\/td><td class=\"column-2\">Infusion mehr als 30 min<\/td><td class=\"column-3\">2,3-fach<\/td><td class=\"column-4\">24,13 \u20ac<\/td>\n<\/tr>\n<tr class=\"row-25\">\n\t<td class=\"column-1\">5<\/td><td class=\"column-2\">Symptombezogene Untersuchung<\/td><td class=\"column-3\">2,3-fach<\/td><td class=\"column-4\">10,72 \u20ac<\/td>\n<\/tr>\n<tr class=\"row-26\">\n\t<td class=\"column-1\">602, 605, 714<\/td><td class=\"column-2\">alle 3 Ziffern zusammen = Polygrafie<\/td><td class=\"column-3\"><\/td><td class=\"column-4\">65,47 \u20ac<\/td>\n<\/tr>\n<tr class=\"row-27\">\n\t<td class=\"column-1\">50<\/td><td class=\"column-2\">Hausbesuch mit Beratung und symptombezogener Untersuchung<\/td><td class=\"column-3\">2,3-fach<\/td><td class=\"column-4\">42,80 \u20ac<\/td>\n<\/tr>\n<tr class=\"row-28\">\n\t<td class=\"column-1\">7810<\/td><td class=\"column-2\">Wegegeld bei Hausbesuch 2 km einfache Entfernung<\/td><td class=\"column-3\"><\/td><td class=\"column-4\">3,58 \u20ac<\/td>\n<\/tr>\n<tr class=\"row-29\">\n\t<td class=\"column-1\">70<\/td><td class=\"column-2\">Arbeitsunf\u00e4higkeits&shy;bescheinigung<\/td><td class=\"column-3\">2,3-fach<\/td><td class=\"column-4\">5,36 \u20ac<\/td>\n<\/tr>\n<tr class=\"row-30\">\n\t<td class=\"column-1\">75<\/td><td class=\"column-2\">Brief<\/td><td class=\"column-3\">2,3-fach<\/td><td class=\"column-4\">17,43 \u20ac<\/td>\n<\/tr>\n<tr class=\"row-31\">\n\t<td class=\"column-1\">80<\/td><td class=\"column-2\">Kurzgutachten 15 min<\/td><td class=\"column-3\">2,3-fach<\/td><td class=\"column-4\">40,22 \u20ac<\/td>\n<\/tr>\n<tr class=\"row-32\">\n\t<td class=\"column-1\">85<\/td><td class=\"column-2\">Gutachten pro Stunde<\/td><td class=\"column-3\">2,3-fach<\/td><td class=\"column-4\">67,03 \u20ac<\/td>\n<\/tr>\n<tr class=\"row-33\">\n\t<td class=\"column-1\">95<\/td><td class=\"column-2\">Schreibgeb\u00fchr je Seite<\/td><td class=\"column-3\">1-fach<br \/>\n<\/td><td class=\"column-4\">3,50 \u20ac<\/td>\n<\/tr>\n<\/tbody>\n<\/table>\n<!-- #tablepress-1 from cache --><\/div>\n\t\t\t\t\t\t<\/div>\n\t\t\t\t<\/div>\n\t\t\t\t<\/div>\n\t\t\t\t<\/div>\n\t\t\t\t<\/div>\n\t\t","protected":false},"excerpt":{"rendered":"<p>Geb\u00fchrenordnung f\u00fcr \u00c4rzte (GO\u00c4)\u00a0<\/p>\n","protected":false},"author":1,"featured_media":0,"parent":0,"menu_order":0,"comment_status":"closed","ping_status":"closed","template":"","meta":{"footnotes":""},"class_list":["post-72","page","type-page","status-publish","hentry"],"_links":{"self":[{"href":"https:\/\/drstrebwnd.de\/en\/wp-json\/wp\/v2\/pages\/72","targetHints":{"allow":["GET"]}}],"collection":[{"href":"https:\/\/drstrebwnd.de\/en\/wp-json\/wp\/v2\/pages"}],"about":[{"href":"https:\/\/drstrebwnd.de\/en\/wp-json\/wp\/v2\/types\/page"}],"author":[{"embeddable":true,"href":"https:\/\/drstrebwnd.de\/en\/wp-json\/wp\/v2\/users\/1"}],"replies":[{"embeddable":true,"href":"https:\/\/drstrebwnd.de\/en\/wp-json\/wp\/v2\/comments?post=72"}],"version-history":[{"count":0,"href":"https:\/\/drstrebwnd.de\/en\/wp-json\/wp\/v2\/pages\/72\/revisions"}],"wp:attachment":[{"href":"https:\/\/drstrebwnd.de\/en\/wp-json\/wp\/v2\/media?parent=72"}],"curies":[{"name":"wp","href":"https:\/\/api.w.org\/{rel}","templated":true}]}}