{"id":77,"date":"2025-04-21T14:53:05","date_gmt":"2025-04-21T14:53:05","guid":{"rendered":"https:\/\/praxis.streb.digital\/?page_id=77"},"modified":"2025-09-07T11:52:59","modified_gmt":"2025-09-07T11:52:59","slug":"impressum","status":"publish","type":"page","link":"https:\/\/drstrebwnd.de\/en\/imprint\/","title":{"rendered":"Imprint"},"content":{"rendered":"\t\t<div data-elementor-type=\"wp-page\" data-elementor-id=\"77\" class=\"elementor elementor-77\" data-elementor-post-type=\"page\">\n\t\t\t\t<div class=\"elementor-element elementor-element-6bc1b55 e-con-full e-flex e-con e-parent\" data-id=\"6bc1b55\" data-element_type=\"container\" data-e-type=\"container\">\n\t\t\t\t<div class=\"elementor-element elementor-element-0ac480a elementor-widget elementor-widget-template\" data-id=\"0ac480a\" data-element_type=\"widget\" data-e-type=\"widget\" data-widget_type=\"template.default\">\n\t\t\t\t<div class=\"elementor-widget-container\">\n\t\t\t\t\t\t\t<div class=\"elementor-template\">\n\t\t\t\t\t<div data-elementor-type=\"container\" data-elementor-id=\"577\" class=\"elementor elementor-577\" data-elementor-post-type=\"elementor_library\">\n\t\t\t\t<div class=\"elementor-element elementor-element-3c5e3e3a e-con-full e-flex e-con e-child\" data-id=\"3c5e3e3a\" data-element_type=\"container\" data-e-type=\"container\" data-settings=\"{&quot;background_background&quot;:&quot;classic&quot;}\">\n\t\t\t\t<div class=\"elementor-element elementor-element-5554046d elementor-widget elementor-widget-heading\" data-id=\"5554046d\" data-element_type=\"widget\" data-e-type=\"widget\" data-widget_type=\"heading.default\">\n\t\t\t\t<div class=\"elementor-widget-container\">\n\t\t\t\t\t<h5 class=\"elementor-heading-title elementor-size-default\">Your practice for body and soul<\/h5>\t\t\t\t<\/div>\n\t\t\t\t<\/div>\n\t\t\t\t<div class=\"elementor-element elementor-element-38ef8a46 elementor-widget elementor-widget-heading\" data-id=\"38ef8a46\" data-element_type=\"widget\" data-e-type=\"widget\" data-widget_type=\"heading.default\">\n\t\t\t\t<div class=\"elementor-widget-container\">\n\t\t\t\t\t<h4 class=\"elementor-heading-title elementor-size-default\">Private practice Dr. Hans J\u00fcrgen Streb<\/h4>\t\t\t\t<\/div>\n\t\t\t\t<\/div>\n\t\t\t\t<\/div>\n\t\t\t\t<\/div>\n\t\t\t\t<\/div>\n\t\t\t\t\t\t<\/div>\n\t\t\t\t<\/div>\n\t\t<div class=\"elementor-element elementor-element-407a502 e-con-full e-flex e-con e-child\" data-id=\"407a502\" data-element_type=\"container\" data-e-type=\"container\">\n\t\t\t\t<div class=\"elementor-element elementor-element-1328c22 elementor-widget elementor-widget-heading\" data-id=\"1328c22\" data-element_type=\"widget\" data-e-type=\"widget\" data-widget_type=\"heading.default\">\n\t\t\t\t<div class=\"elementor-widget-container\">\n\t\t\t\t\t<h1 class=\"elementor-heading-title elementor-size-default\">Imprint <\/h1>\t\t\t\t<\/div>\n\t\t\t\t<\/div>\n\t\t\t\t<div class=\"elementor-element elementor-element-08c1792 elementor-widget elementor-widget-text-editor\" data-id=\"08c1792\" data-element_type=\"widget\" data-e-type=\"widget\" data-widget_type=\"text-editor.default\">\n\t\t\t\t<div class=\"elementor-widget-container\">\n\t\t\t\t\t\t\t\t\t<p>Private practice Dr. Hans J\u00fcrgen Streb<br \/>Bahnhofstra\u00dfe 10-14<br \/>66606 St. Wendel, Germany<\/p><p>Phone: <a href=\"tel:+4968519738627\">+49 6851 9738627<\/a><br \/>eMail: <a href=\"mailto:hansstreb@drstrebwnd.de\">hansstreb@drstrebwnd.de<\/a><br \/>Website: <a href=\"https:\/\/www.drstrebwnd.de\">www.drstrebwnd.de<\/a><\/p><p><strong>Responsible for the content of this website:<br \/><\/strong>Dr. Hans J\u00fcrgen Streb, Bahnhofstra\u00dfe 10-14, 66606 St. Wendel, Germany<\/p><p><strong>VAT Identification Number:<br \/><\/strong>Not applicable due to small business regulation.<br \/>According to \u00a719 UStG no sales tax is charged.<\/p><p><strong>Legal job title:<\/strong><\/p><ul><li>Specialist in psychiatry and psychotherapy<\/li><li>Specialist in neurology<\/li><\/ul><p>(All titles were awarded in the Federal Republic of Germany)<\/p><p><strong>Area of application:<\/strong><br \/>Activities within the scope of medical practice within Germany.<\/p><p><strong>State of licensing:<\/strong><br \/>Federal Republic of Germany<\/p><p><strong><b>Competent registration authority<\/b>:<\/strong><br \/>Ministerium f\u00fcr Frauen, Arbeit, Gesundheit und Soziales (Ministry for Women, Labor, Health and Social Affairs)<br \/>Franz-Josef-R\u00f6der-Stra\u00dfe 23, 66119 Saarbr\u00fccken, Germany<\/p><p><strong>Professional code of conduct:<br \/><\/strong>Professional code of conduct for doctors in the Saarland<\/p><p>The professional regulations can be viewed at the Saarland Medical Association at <a href=\"https:\/\/www.aerztekammer-saarland.de\/aerzte\/ethikkommission\/berufsordnung\/\" target=\"_blank\" rel=\"noopener\">https:\/\/www.aerztekammer-saarland.de\/aerzte\/ethikkommission\/berufsordnung\/<\/a><\/p><p><strong>Supervisory authority and competent medical association:<br \/><\/strong>Saarland Medical Association<br \/>Faktoreistra\u00dfe 4<br \/>66111 Saarbr\u00fccken, Germany<br \/><a href=\"https:\/\/www.aerztekammer-saarland.de\" target=\"_blank\" rel=\"noopener\">www.aerztekammer-saarland.de<\/a><\/p><p><strong>Professional regulations:<\/strong><br \/>Professional code of conduct for doctors in the Saarland<br \/>Saarland Medical Profession Chamber Act<br \/>Medical fee schedule (MFS)<br \/>The professional regulations can be viewed on the website of the Saarland Medical Association at <a href=\"https:\/\/www.aerztekammer-saarland.de\/aerzte\/arzt-und-recht\/berufsrecht\/\" target=\"_blank\" rel=\"noopener\">https:\/\/www.aerztekammer-saarland.de\/aerzte\/arzt-und-recht\/berufsrecht\/<\/a><\/p><p><strong><span class=\"lookup-word\" data-slate-leaf=\"true\"><span data-slate-string=\"true\">Professional<\/span><\/span> <span class=\"lookup-word\" data-slate-leaf=\"true\" data-slate-fragment=\"JTVCJTdCJTIydHlwZSUyMiUzQSUyMnBhcmFncmFwaCUyMiUyQyUyMmNoaWxkcmVuJTIyJTNBJTVCJTdCJTIydGV4dCUyMiUzQSUyMnByb2Zlc3Npb25hbCUyMGxpYWJpbGl0eSUyMiU3RCU1RCU3RCU1RA==\"><span data-slate-string=\"true\">liability<\/span><\/span>:<br \/><\/strong>Deutsche \u00c4rzteversicherung Allgemeine, branch office of AXA Vers. AG, B\u00f6rsenplatz 1, 50667 Cologne, Germany<\/p><p><strong>Liability for content:<br \/><\/strong>We are responsible for the content of these pages in accordance with general legislation. However, we are not obliged to monitor transmitted or stored third-party information or to investigate circumstances that indicate illegal activity.<\/p><p>Obligations to remove or block the use of information in accordance with general legislation remain unaffected by this. However, liability in this context is only possible from the time at which a specific infringement becomes known. As soon as we become aware of such infringements, we will remove this content immediately.<\/p><p><strong>Liability for links:<br \/><\/strong>Our pages contain links to external third-party websites over whose content we have no influence. Therefore, we cannot accept any liability for this third-party content. The respective provider or operator of the pages is always responsible for the content of the linked pages.<\/p><p>At the time of linking, the external sites were checked for possible legal violations. No illegal content was identified at that time. However, permanent monitoring of the content of the linked pages is not reasonable without concrete evidence of an infringement. If we become aware of any legal infringements, we will remove such links immediately.<\/p><p><strong>Copyright and trademark rights:<\/strong><br \/>The content and works created by the site operators on these pages are subject to German copyright law. Duplication, processing, distribution or any form of commercialization of such material beyond the scope of the copyright law shall require the prior written consent of its respective author or creator.<br \/>Downloads and copies of this site are only permitted for private, non-commercial use.<br \/>Insofar as content on this site was not created by the operator, the copyrights of third parties are respected and marked accordingly. Should you nevertheless become aware of a copyright infringement, please notify us &#8211; we will remove such content immediately.<\/p><p><strong>Dispute resolution and dispute settlement:<\/strong><strong><br \/><\/strong>We are not obliged and not willing to participate in dispute resolution proceedings before a consumer arbitration board.<\/p><p>Dr. Hans J\u00fcrgen Streb \u26e9<\/p>\t\t\t\t\t\t\t\t<\/div>\n\t\t\t\t<\/div>\n\t\t\t\t<\/div>\n\t\t\t\t<\/div>\n\t\t\t\t<\/div>\n\t\t","protected":false},"excerpt":{"rendered":"<p>Imprint Privatpraxis Dr. Hans J\u00fcrgen StrebBahnhofstra\u00dfe 10-1466606 St. Wendel\u00a0 Telefon: 06851 9738627eMail: hansstreb@drstrebwnd.deWebsite: www.drstrebwnd.de Verantwortlich f\u00fcr den Inhalt dieser Website:Dr. Hans J\u00fcrgen Streb, Bahnhofstra\u00dfe 10-14, 66606 St. Wendel Umsatzsteueridentifikationsnummer:entf\u00e4llt wegen Kleinunternehmer-Regelung.Gem\u00e4\u00df \u00a7 19 UStG wird keine Umsatzsteuer erhoben. Gesetzliche Berufsbezeichnung: Facharzt f\u00fcr Psychiatrie und Psychotherapie Facharzt f\u00fcr Neurologie (Alle Titel wurden verliehen in der Bundesrepublik [&hellip;]<\/p>\n","protected":false},"author":1,"featured_media":0,"parent":0,"menu_order":0,"comment_status":"closed","ping_status":"closed","template":"","meta":{"footnotes":""},"class_list":["post-77","page","type-page","status-publish","hentry"],"_links":{"self":[{"href":"https:\/\/drstrebwnd.de\/en\/wp-json\/wp\/v2\/pages\/77","targetHints":{"allow":["GET"]}}],"collection":[{"href":"https:\/\/drstrebwnd.de\/en\/wp-json\/wp\/v2\/pages"}],"about":[{"href":"https:\/\/drstrebwnd.de\/en\/wp-json\/wp\/v2\/types\/page"}],"author":[{"embeddable":true,"href":"https:\/\/drstrebwnd.de\/en\/wp-json\/wp\/v2\/users\/1"}],"replies":[{"embeddable":true,"href":"https:\/\/drstrebwnd.de\/en\/wp-json\/wp\/v2\/comments?post=77"}],"version-history":[{"count":27,"href":"https:\/\/drstrebwnd.de\/en\/wp-json\/wp\/v2\/pages\/77\/revisions"}],"predecessor-version":[{"id":2331,"href":"https:\/\/drstrebwnd.de\/en\/wp-json\/wp\/v2\/pages\/77\/revisions\/2331"}],"wp:attachment":[{"href":"https:\/\/drstrebwnd.de\/en\/wp-json\/wp\/v2\/media?parent=77"}],"curies":[{"name":"wp","href":"https:\/\/api.w.org\/{rel}","templated":true}]}}